{"id":2122,"date":"2024-10-10T19:32:20","date_gmt":"2024-10-10T17:32:20","guid":{"rendered":"https:\/\/www.jd7.ch\/confidentiality\/"},"modified":"2024-11-12T22:15:06","modified_gmt":"2024-11-12T21:15:06","slug":"confidentiality","status":"publish","type":"page","link":"https:\/\/www.jd7.ch\/en\/confidentiality\/","title":{"rendered":"Confidentiality"},"content":{"rendered":"\t\t<div data-elementor-type=\"wp-page\" data-elementor-id=\"2122\" class=\"elementor elementor-2122 elementor-3\" data-elementor-post-type=\"page\">\n\t\t\t\t<div class=\"elementor-element elementor-element-6c320ab2 e-flex e-con-boxed e-con e-parent\" data-id=\"6c320ab2\" data-element_type=\"container\">\n\t\t\t\t\t<div class=\"e-con-inner\">\n\t\t\t\t<div class=\"elementor-element elementor-element-985d0f3 elementor-widget elementor-widget-heading\" data-id=\"985d0f3\" data-element_type=\"widget\" data-widget_type=\"heading.default\">\n\t\t\t\t<div class=\"elementor-widget-container\">\n\t\t\t\t\t<h4 class=\"elementor-heading-title elementor-size-default\">Introduction<\/h4>\t\t\t\t<\/div>\n\t\t\t\t<\/div>\n\t\t\t\t<div class=\"elementor-element elementor-element-25b3f82 elementor-widget elementor-widget-text-editor\" data-id=\"25b3f82\" data-element_type=\"widget\" data-widget_type=\"text-editor.default\">\n\t\t\t\t<div class=\"elementor-widget-container\">\n\t\t\t\t\t\t\t\t\t<p>JD7-Silatech SA s\u2019engage \u00e0 prot\u00e9ger et \u00e0 respecter votre vie priv\u00e9e. Cette d\u00e9claration de confidentialit\u00e9 pr\u00e9cise comment JD7-Silatech SA collecte et traite vos donn\u00e9es personnelles et \u00e0 quelles fins. <\/p>\n<p>Vos donn\u00e9es sont conserv\u00e9es et trait\u00e9es conform\u00e9ment aux lois en vigueur en Suisse sur la protection des donn\u00e9es personnelles.<\/p>\n<p>L\u2019organisme responsable au sens des r\u00e9glementations sur la protection des donn\u00e9es (responsable du traitement) est : <\/p>\n<p><strong>Silatech SA<br><\/strong><strong>Rue Jaquet-Droz 1<br><\/strong><strong>2000 Neuch\u00e2tel<\/strong><\/p>\n<p>Vous pouvez contacter notre d\u00e9l\u00e9gu\u00e9 \u00e0 la protection des donn\u00e9es par courrier \u00e0 l\u2019adresse fournie ou directement par e-mail \u00e0<\/p>\n<p><strong>info@jd7.ch<\/strong><\/p>\t\t\t\t\t\t\t\t<\/div>\n\t\t\t\t<\/div>\n\t\t\t\t<div class=\"elementor-element elementor-element-1a4e96e elementor-widget elementor-widget-spacer\" data-id=\"1a4e96e\" data-element_type=\"widget\" data-widget_type=\"spacer.default\">\n\t\t\t\t<div class=\"elementor-widget-container\">\n\t\t\t\t\t\t\t<div class=\"elementor-spacer\">\n\t\t\t<div class=\"elementor-spacer-inner\"><\/div>\n\t\t<\/div>\n\t\t\t\t\t\t<\/div>\n\t\t\t\t<\/div>\n\t\t\t\t<div class=\"elementor-element elementor-element-ab8a88c elementor-widget elementor-widget-heading\" data-id=\"ab8a88c\" data-element_type=\"widget\" data-widget_type=\"heading.default\">\n\t\t\t\t<div class=\"elementor-widget-container\">\n\t\t\t\t\t<h3 class=\"elementor-heading-title elementor-size-default\">1. Donn\u00e9es personnelles collect\u00e9es<\/h3>\t\t\t\t<\/div>\n\t\t\t\t<\/div>\n\t\t\t\t<div class=\"elementor-element elementor-element-d94dbb9 elementor-widget elementor-widget-heading\" data-id=\"d94dbb9\" data-element_type=\"widget\" data-widget_type=\"heading.default\">\n\t\t\t\t<div class=\"elementor-widget-container\">\n\t\t\t\t\t<h4 class=\"elementor-heading-title elementor-size-default\">1.1 Cat\u00e9gories de donn\u00e9es<\/h4>\t\t\t\t<\/div>\n\t\t\t\t<\/div>\n\t\t\t\t<div class=\"elementor-element elementor-element-01ebef2 elementor-widget elementor-widget-text-editor\" data-id=\"01ebef2\" data-element_type=\"widget\" data-widget_type=\"text-editor.default\">\n\t\t\t\t<div class=\"elementor-widget-container\">\n\t\t\t\t\t\t\t\t\t<p>De mani\u00e8re g\u00e9n\u00e9rale, vos donn\u00e9es sont donc collect\u00e9es directement aupr\u00e8s de vous dans les hypoth\u00e8ses pr\u00e9cit\u00e9es.<\/p>\n<p>JD7-Silatech SA peut collecter vos donn\u00e9es personnelles directement aupr\u00e8s de vous. Les donn\u00e9es vous concernant sont notamment collect\u00e9es et trait\u00e9es (manuellement ou de mani\u00e8re automatis\u00e9e) en tout ou partie \u00e0 l\u2019occasion de votre navigation sur le site et\/ou saisies par vos soins dans les formulaires de collecte de donn\u00e9es y figurant, et plus g\u00e9n\u00e9ralement dans le cadre de votre relation et de vos \u00e9changes ult\u00e9rieurs avec JD7-Silatech SA.  <\/p>\n<p>Plusieurs cat\u00e9gories de donn\u00e9es \u00e0 caract\u00e8re personnel vous concernant peuvent \u00eatre collect\u00e9es, et en particulier les donn\u00e9es suivantes : <\/p>\n<ul>\n<li>des donn\u00e9es d\u2019identification : il s\u2019agit notamment de donn\u00e9es telles que votre civilit\u00e9, vos nom et pr\u00e9nom, vos coordonn\u00e9es (adresse de courrier \u00e9lectronique, num\u00e9ro de t\u00e9l\u00e9phone, adresse postale, informations professionnelles) ;<\/li>\n<li>des donn\u00e9es relatives au suivi de votre relation avec JD7-Silatech SA : demande de rendez-vous, de contact ou de renseignements, correspondances et \u00e9changes, opportunit\u00e9s commerciales, langue et m\u00e9dia de contact de pr\u00e9f\u00e9rence ;<\/li>\n<li>Des donn\u00e9es relatives \u00e0 vos participations \u00e0 nos \u00e9v\u00e9nements ;<\/li>\n<li>Et toutes les autres informations personnelles que vous pourriez fournir \u00e0 l\u2019occasion de vos \u00e9changes avec nous ;<\/li>\n<\/ul>\t\t\t\t\t\t\t\t<\/div>\n\t\t\t\t<\/div>\n\t\t\t\t<div class=\"elementor-element elementor-element-6f4c4aa elementor-widget elementor-widget-heading\" data-id=\"6f4c4aa\" data-element_type=\"widget\" data-widget_type=\"heading.default\">\n\t\t\t\t<div class=\"elementor-widget-container\">\n\t\t\t\t\t<h4 class=\"elementor-heading-title elementor-size-default\">1.2 Finalit\u00e9 de l\u2019activit\u00e9 de traitement<\/h4>\t\t\t\t<\/div>\n\t\t\t\t<\/div>\n\t\t\t\t<div class=\"elementor-element elementor-element-69df679 elementor-widget elementor-widget-text-editor\" data-id=\"69df679\" data-element_type=\"widget\" data-widget_type=\"text-editor.default\">\n\t\t\t\t<div class=\"elementor-widget-container\">\n\t\t\t\t\t\t\t\t\t<p>JD7-Silatech SA traite vos donn\u00e9es en tout ou en partie pour les finalit\u00e9s suivantes :<\/p>\n<ul>\n<li>la gestion, le traitement et le suivi de vos demandes et de vos \u00e9changes avec JD7-Silatech SA aux moyens ou initi\u00e9s via le site (par exemple : demande de contact, de renseignement ou de rendez-vous et soumission d\u2019un appel d\u2019offres)\u2009;<\/li>\n<li>le traitement des demandes par t\u00e9l\u00e9phone ou en ligne\u2009;<\/li>\n<li>la poursuite des int\u00e9r\u00eats l\u00e9gitimes de JD7-Silatech SA dans le cadre de la gestion et du suivi de ses services ;<\/li>\n<\/ul>\t\t\t\t\t\t\t\t<\/div>\n\t\t\t\t<\/div>\n\t\t\t\t<div class=\"elementor-element elementor-element-b2be385 elementor-widget elementor-widget-heading\" data-id=\"b2be385\" data-element_type=\"widget\" data-widget_type=\"heading.default\">\n\t\t\t\t<div class=\"elementor-widget-container\">\n\t\t\t\t\t<h4 class=\"elementor-heading-title elementor-size-default\">1.3 Base juridique<\/h4>\t\t\t\t<\/div>\n\t\t\t\t<\/div>\n\t\t\t\t<div class=\"elementor-element elementor-element-2de9138 elementor-widget elementor-widget-text-editor\" data-id=\"2de9138\" data-element_type=\"widget\" data-widget_type=\"text-editor.default\">\n\t\t\t\t<div class=\"elementor-widget-container\">\n\t\t\t\t\t\t\t\t\t<p>Nous traitons vos donn\u00e9es personnelles sur la base du fait que le traitement est n\u00e9cessaire aux fins de sauvegarder notre int\u00e9r\u00eat l\u00e9gitime, votre consentement et\/ou le contrat. Dans certains cas le traitement de votre donn\u00e9e est n\u00e9cessaire \u00e0 l\u2019ex\u00e9cution des d\u00e9marches pr\u00e9contractuelles. <\/p>\n\t\t\t\t\t\t\t\t<\/div>\n\t\t\t\t<\/div>\n\t\t\t\t<div class=\"elementor-element elementor-element-efeb84f elementor-widget elementor-widget-heading\" data-id=\"efeb84f\" data-element_type=\"widget\" data-widget_type=\"heading.default\">\n\t\t\t\t<div class=\"elementor-widget-container\">\n\t\t\t\t\t<h4 class=\"elementor-heading-title elementor-size-default\">1.4 Divulgation<\/h4>\t\t\t\t<\/div>\n\t\t\t\t<\/div>\n\t\t\t\t<div class=\"elementor-element elementor-element-2fff56f elementor-widget elementor-widget-text-editor\" data-id=\"2fff56f\" data-element_type=\"widget\" data-widget_type=\"text-editor.default\">\n\t\t\t\t<div class=\"elementor-widget-container\">\n\t\t\t\t\t\t\t\t\t<p>JD7-Silatech SA ne divulgue pas vos donn\u00e9es personnelles \u00e0 des tiers, sauf demande \u00e9crite d\u2019une autorit\u00e9 l\u00e9gale conform\u00e9ment \u00e0 une obligation l\u00e9gale pour l\u2019exercice de sa mission officielle, ou si la divulgation est n\u00e9cessaire pour prot\u00e9ger votre int\u00e9r\u00eat vital.<\/p>\n\t\t\t\t\t\t\t\t<\/div>\n\t\t\t\t<\/div>\n\t\t\t\t<div class=\"elementor-element elementor-element-efce6ba elementor-widget elementor-widget-heading\" data-id=\"efce6ba\" data-element_type=\"widget\" data-widget_type=\"heading.default\">\n\t\t\t\t<div class=\"elementor-widget-container\">\n\t\t\t\t\t<h4 class=\"elementor-heading-title elementor-size-default\">1.5 P\u00e9riode de conservation<\/h4>\t\t\t\t<\/div>\n\t\t\t\t<\/div>\n\t\t\t\t<div class=\"elementor-element elementor-element-6d6d480 elementor-widget elementor-widget-text-editor\" data-id=\"6d6d480\" data-element_type=\"widget\" data-widget_type=\"text-editor.default\">\n\t\t\t\t<div class=\"elementor-widget-container\">\n\t\t\t\t\t\t\t\t\t<p>Nous conservons vos donn\u00e9es personnelles sous une forme permettant votre l\u2019identification pendant une dur\u00e9e n\u2019exc\u00e9dant pas celle n\u00e9cessaire au regard des finalit\u00e9s pour lesquelles elles ont \u00e9t\u00e9 collect\u00e9es. Vous pouvez \u00e0 tout moment faire valoir votre droit \u00e0 l\u2019effacement de vos donn\u00e9es personnelles, voir les sections ci-dessous \u00ab\u2009Droits des personnes concern\u00e9es\u2009\u00bb. <\/p>\n\t\t\t\t\t\t\t\t<\/div>\n\t\t\t\t<\/div>\n\t\t\t\t<div class=\"elementor-element elementor-element-7cdabe1 elementor-widget elementor-widget-heading\" data-id=\"7cdabe1\" data-element_type=\"widget\" data-widget_type=\"heading.default\">\n\t\t\t\t<div class=\"elementor-widget-container\">\n\t\t\t\t\t<h4 class=\"elementor-heading-title elementor-size-default\">1.6 Sous-traitance<\/h4>\t\t\t\t<\/div>\n\t\t\t\t<\/div>\n\t\t\t\t<div class=\"elementor-element elementor-element-78797cc elementor-widget elementor-widget-text-editor\" data-id=\"78797cc\" data-element_type=\"widget\" data-widget_type=\"text-editor.default\">\n\t\t\t\t<div class=\"elementor-widget-container\">\n\t\t\t\t\t\t\t\t\t<p>En d\u00e9l\u00e9guant le traitement des activit\u00e9s de traitement susmentionn\u00e9es \u00e0 des tiers, JD7-Silatech SA s\u2019assure que cette activit\u00e9 de sous-traitance soit r\u00e9gie par un contrat \u00e9crit comprenant des conditions offrant au moins le m\u00eame niveau de protection des donn\u00e9es personnelles que celles \u00e9nonc\u00e9es dans le pr\u00e9sent avis et r\u00e9pondant aux exigences des dispositions de la loi suisse sur la protection des donn\u00e9es personnelles.<\/p>\n\t\t\t\t\t\t\t\t<\/div>\n\t\t\t\t<\/div>\n\t\t\t\t<div class=\"elementor-element elementor-element-519993c elementor-widget elementor-widget-heading\" data-id=\"519993c\" data-element_type=\"widget\" data-widget_type=\"heading.default\">\n\t\t\t\t<div class=\"elementor-widget-container\">\n\t\t\t\t\t<h4 class=\"elementor-heading-title elementor-size-default\">1.7 Mesures de protection des donn\u00e9es<\/h4>\t\t\t\t<\/div>\n\t\t\t\t<\/div>\n\t\t\t\t<div class=\"elementor-element elementor-element-3ef05b1 elementor-widget elementor-widget-text-editor\" data-id=\"3ef05b1\" data-element_type=\"widget\" data-widget_type=\"text-editor.default\">\n\t\t\t\t<div class=\"elementor-widget-container\">\n\t\t\t\t\t\t\t\t\t<p>JD7-Silatech SA \u00e9tablit la s\u00e9curit\u00e9 conform\u00e9ment des lois en vigueur en Suisse sur la protection des donn\u00e9es personnelles. Les mesures prises sont des mesures techniques et organisationnelles relatives \u00e0 la s\u00e9curit\u00e9 des donn\u00e9es afin de garantir un niveau de protection ad\u00e9quat en ce qui concerne la confidentialit\u00e9, l\u2019int\u00e9grit\u00e9, la disponibilit\u00e9 des donn\u00e9es et la r\u00e9silience des syst\u00e8mes. <\/p>\n\t\t\t\t\t\t\t\t<\/div>\n\t\t\t\t<\/div>\n\t\t\t\t<div class=\"elementor-element elementor-element-a6bd289 elementor-widget elementor-widget-heading\" data-id=\"a6bd289\" data-element_type=\"widget\" data-widget_type=\"heading.default\">\n\t\t\t\t<div class=\"elementor-widget-container\">\n\t\t\t\t\t<h3 class=\"elementor-heading-title elementor-size-default\">2. Droits des personnes concern\u00e9es<\/h3>\t\t\t\t<\/div>\n\t\t\t\t<\/div>\n\t\t\t\t<div class=\"elementor-element elementor-element-ac2c76a elementor-widget elementor-widget-text-editor\" data-id=\"ac2c76a\" data-element_type=\"widget\" data-widget_type=\"text-editor.default\">\n\t\t\t\t<div class=\"elementor-widget-container\">\n\t\t\t\t\t\t\t\t\t<p>JD7-Silatech SA souhaite garantir que vous \u00eates bien inform\u00e9 de vos droits en tant que personne concern\u00e9e en vertu des lois suisses sur la protection des donn\u00e9es personnelles. Vous b\u00e9n\u00e9ficiez des droits suivants concernant vos donn\u00e9es personnelles : <\/p>\n<ul>\n<li>Le droit de nous demander des informations pour savoir si nous traitons des donn\u00e9es vous concernant et, cas \u00e9ch\u00e9ant, lesquelles ;<\/li>\n<li>Le droit de demander que nous corrigions les donn\u00e9es si elles sont inexactes ;<\/li>\n<li>Le droit de demander l\u2019effacement des donn\u00e9es ;<\/li>\n<li>Le droit de demander que nous fournissions certaines donn\u00e9es personnelles dans un format \u00e9lectronique couramment utilis\u00e9 ou que nous les transf\u00e9rions \u00e0 un autre responsable du traitement ;<\/li>\n<li>Le droit de retirer votre consentement, lorsque notre traitement est bas\u00e9 sur votre consentement ;<\/li>\n<li>Le droit de recevoir, sur demande, d\u2019autres informations utiles \u00e0 l\u2019exercice de ces droits ;<\/li>\n<\/ul>\n<p>Vous pouvez \u00e9galement contacter le d\u00e9l\u00e9gu\u00e9 \u00e0 la protection des donn\u00e9es pour plus d\u2019informations :<\/p>\n<p><a href=\"mailto:info@jd7.ch\">info@jd7.ch.<\/a><\/p>\t\t\t\t\t\t\t\t<\/div>\n\t\t\t\t<\/div>\n\t\t\t\t\t<\/div>\n\t\t\t\t<\/div>\n\t\t\t\t<\/div>\n\t\t","protected":false},"excerpt":{"rendered":"<p>Introduction JD7-Silatech SA s\u2019engage \u00e0 prot\u00e9ger et \u00e0 respecter votre vie priv\u00e9e. Cette d\u00e9claration de confidentialit\u00e9 pr\u00e9cise comment JD7-Silatech SA collecte et traite vos donn\u00e9es personnelles et \u00e0 quelles fins. Vos donn\u00e9es sont conserv\u00e9es et trait\u00e9es conform\u00e9ment aux lois en vigueur en Suisse sur la protection des donn\u00e9es personnelles. L\u2019organisme responsable au sens des r\u00e9glementations &hellip; <a href=\"https:\/\/www.jd7.ch\/en\/confidentiality\/\">Continued<\/a><\/p>\n","protected":false},"author":1,"featured_media":1937,"parent":0,"menu_order":0,"comment_status":"closed","ping_status":"open","template":"","meta":{"_acf_changed":false,"inline_featured_image":false,"footnotes":""},"class_list":["post-2122","page","type-page","status-publish","has-post-thumbnail","hentry"],"acf":[],"yoast_head":"<!-- This site is optimized with the Yoast SEO plugin v25.3.1 - https:\/\/yoast.com\/wordpress\/plugins\/seo\/ -->\n<title>Confidentiality - JD7<\/title>\n<meta name=\"robots\" content=\"index, follow, max-snippet:-1, max-image-preview:large, max-video-preview:-1\" \/>\n<link rel=\"canonical\" href=\"https:\/\/www.jd7.ch\/en\/confidentiality\/\" \/>\n<meta property=\"og:locale\" content=\"en_US\" \/>\n<meta property=\"og:type\" content=\"article\" \/>\n<meta property=\"og:title\" content=\"Confidentiality - JD7\" \/>\n<meta property=\"og:description\" content=\"Introduction JD7-Silatech SA s\u2019engage \u00e0 prot\u00e9ger et \u00e0 respecter votre vie priv\u00e9e. Cette d\u00e9claration de confidentialit\u00e9 pr\u00e9cise comment JD7-Silatech SA collecte et traite vos donn\u00e9es personnelles et \u00e0 quelles fins. Vos donn\u00e9es sont conserv\u00e9es et trait\u00e9es conform\u00e9ment aux lois en vigueur en Suisse sur la protection des donn\u00e9es personnelles. L\u2019organisme responsable au sens des r\u00e9glementations &hellip; Continued\" \/>\n<meta property=\"og:url\" content=\"https:\/\/www.jd7.ch\/en\/confidentiality\/\" \/>\n<meta property=\"og:site_name\" content=\"JD7\" \/>\n<meta property=\"article:modified_time\" content=\"2024-11-12T21:15:06+00:00\" \/>\n<meta property=\"og:image\" content=\"https:\/\/www.jd7.ch\/app\/uploads\/jd7-img2.jpg\" \/>\n\t<meta property=\"og:image:width\" content=\"1280\" \/>\n\t<meta property=\"og:image:height\" content=\"729\" \/>\n\t<meta property=\"og:image:type\" content=\"image\/jpeg\" \/>\n<meta name=\"twitter:card\" content=\"summary_large_image\" \/>\n<meta name=\"twitter:label1\" content=\"Est. reading time\" \/>\n\t<meta name=\"twitter:data1\" content=\"5 minutes\" \/>\n<script type=\"application\/ld+json\" class=\"yoast-schema-graph\">{\"@context\":\"https:\/\/schema.org\",\"@graph\":[{\"@type\":\"WebPage\",\"@id\":\"https:\/\/www.jd7.ch\/en\/confidentiality\/\",\"url\":\"https:\/\/www.jd7.ch\/en\/confidentiality\/\",\"name\":\"Confidentiality - JD7\",\"isPartOf\":{\"@id\":\"https:\/\/www.jd7.ch\/en\/#website\"},\"primaryImageOfPage\":{\"@id\":\"https:\/\/www.jd7.ch\/en\/confidentiality\/#primaryimage\"},\"image\":{\"@id\":\"https:\/\/www.jd7.ch\/en\/confidentiality\/#primaryimage\"},\"thumbnailUrl\":\"https:\/\/www.jd7.ch\/app\/uploads\/jd7-img2.jpg\",\"datePublished\":\"2024-10-10T17:32:20+00:00\",\"dateModified\":\"2024-11-12T21:15:06+00:00\",\"breadcrumb\":{\"@id\":\"https:\/\/www.jd7.ch\/en\/confidentiality\/#breadcrumb\"},\"inLanguage\":\"en-US\",\"potentialAction\":[{\"@type\":\"ReadAction\",\"target\":[\"https:\/\/www.jd7.ch\/en\/confidentiality\/\"]}]},{\"@type\":\"ImageObject\",\"inLanguage\":\"en-US\",\"@id\":\"https:\/\/www.jd7.ch\/en\/confidentiality\/#primaryimage\",\"url\":\"https:\/\/www.jd7.ch\/app\/uploads\/jd7-img2.jpg\",\"contentUrl\":\"https:\/\/www.jd7.ch\/app\/uploads\/jd7-img2.jpg\",\"width\":1280,\"height\":729},{\"@type\":\"BreadcrumbList\",\"@id\":\"https:\/\/www.jd7.ch\/en\/confidentiality\/#breadcrumb\",\"itemListElement\":[{\"@type\":\"ListItem\",\"position\":1,\"name\":\"Home\",\"item\":\"https:\/\/www.jd7.ch\/en\/\"},{\"@type\":\"ListItem\",\"position\":2,\"name\":\"Confidentiality\"}]},{\"@type\":\"WebSite\",\"@id\":\"https:\/\/www.jd7.ch\/en\/#website\",\"url\":\"https:\/\/www.jd7.ch\/en\/\",\"name\":\"JD7\",\"description\":\"Espaces modulables haute technologie \u00e0 Neuch\u00e2tel\",\"publisher\":{\"@id\":\"https:\/\/www.jd7.ch\/en\/#organization\"},\"potentialAction\":[{\"@type\":\"SearchAction\",\"target\":{\"@type\":\"EntryPoint\",\"urlTemplate\":\"https:\/\/www.jd7.ch\/en\/?s={search_term_string}\"},\"query-input\":{\"@type\":\"PropertyValueSpecification\",\"valueRequired\":true,\"valueName\":\"search_term_string\"}}],\"inLanguage\":\"en-US\"},{\"@type\":\"Organization\",\"@id\":\"https:\/\/www.jd7.ch\/en\/#organization\",\"name\":\"JD7\",\"url\":\"https:\/\/www.jd7.ch\/en\/\",\"logo\":{\"@type\":\"ImageObject\",\"inLanguage\":\"en-US\",\"@id\":\"https:\/\/www.jd7.ch\/en\/#\/schema\/logo\/image\/\",\"url\":\"https:\/\/www.jd7.ch\/app\/uploads\/jd7-logo.svg\",\"contentUrl\":\"https:\/\/www.jd7.ch\/app\/uploads\/jd7-logo.svg\",\"width\":350,\"height\":100,\"caption\":\"JD7\"},\"image\":{\"@id\":\"https:\/\/www.jd7.ch\/en\/#\/schema\/logo\/image\/\"}}]}<\/script>\n<!-- \/ Yoast SEO plugin. -->","yoast_head_json":{"title":"Confidentiality - JD7","robots":{"index":"index","follow":"follow","max-snippet":"max-snippet:-1","max-image-preview":"max-image-preview:large","max-video-preview":"max-video-preview:-1"},"canonical":"https:\/\/www.jd7.ch\/en\/confidentiality\/","og_locale":"en_US","og_type":"article","og_title":"Confidentiality - JD7","og_description":"Introduction JD7-Silatech SA s\u2019engage \u00e0 prot\u00e9ger et \u00e0 respecter votre vie priv\u00e9e. Cette d\u00e9claration de confidentialit\u00e9 pr\u00e9cise comment JD7-Silatech SA collecte et traite vos donn\u00e9es personnelles et \u00e0 quelles fins. Vos donn\u00e9es sont conserv\u00e9es et trait\u00e9es conform\u00e9ment aux lois en vigueur en Suisse sur la protection des donn\u00e9es personnelles. L\u2019organisme responsable au sens des r\u00e9glementations &hellip; Continued","og_url":"https:\/\/www.jd7.ch\/en\/confidentiality\/","og_site_name":"JD7","article_modified_time":"2024-11-12T21:15:06+00:00","og_image":[{"width":1280,"height":729,"url":"https:\/\/www.jd7.ch\/app\/uploads\/jd7-img2.jpg","type":"image\/jpeg"}],"twitter_card":"summary_large_image","twitter_misc":{"Est. reading time":"5 minutes"},"schema":{"@context":"https:\/\/schema.org","@graph":[{"@type":"WebPage","@id":"https:\/\/www.jd7.ch\/en\/confidentiality\/","url":"https:\/\/www.jd7.ch\/en\/confidentiality\/","name":"Confidentiality - JD7","isPartOf":{"@id":"https:\/\/www.jd7.ch\/en\/#website"},"primaryImageOfPage":{"@id":"https:\/\/www.jd7.ch\/en\/confidentiality\/#primaryimage"},"image":{"@id":"https:\/\/www.jd7.ch\/en\/confidentiality\/#primaryimage"},"thumbnailUrl":"https:\/\/www.jd7.ch\/app\/uploads\/jd7-img2.jpg","datePublished":"2024-10-10T17:32:20+00:00","dateModified":"2024-11-12T21:15:06+00:00","breadcrumb":{"@id":"https:\/\/www.jd7.ch\/en\/confidentiality\/#breadcrumb"},"inLanguage":"en-US","potentialAction":[{"@type":"ReadAction","target":["https:\/\/www.jd7.ch\/en\/confidentiality\/"]}]},{"@type":"ImageObject","inLanguage":"en-US","@id":"https:\/\/www.jd7.ch\/en\/confidentiality\/#primaryimage","url":"https:\/\/www.jd7.ch\/app\/uploads\/jd7-img2.jpg","contentUrl":"https:\/\/www.jd7.ch\/app\/uploads\/jd7-img2.jpg","width":1280,"height":729},{"@type":"BreadcrumbList","@id":"https:\/\/www.jd7.ch\/en\/confidentiality\/#breadcrumb","itemListElement":[{"@type":"ListItem","position":1,"name":"Home","item":"https:\/\/www.jd7.ch\/en\/"},{"@type":"ListItem","position":2,"name":"Confidentiality"}]},{"@type":"WebSite","@id":"https:\/\/www.jd7.ch\/en\/#website","url":"https:\/\/www.jd7.ch\/en\/","name":"JD7","description":"Espaces modulables haute technologie \u00e0 Neuch\u00e2tel","publisher":{"@id":"https:\/\/www.jd7.ch\/en\/#organization"},"potentialAction":[{"@type":"SearchAction","target":{"@type":"EntryPoint","urlTemplate":"https:\/\/www.jd7.ch\/en\/?s={search_term_string}"},"query-input":{"@type":"PropertyValueSpecification","valueRequired":true,"valueName":"search_term_string"}}],"inLanguage":"en-US"},{"@type":"Organization","@id":"https:\/\/www.jd7.ch\/en\/#organization","name":"JD7","url":"https:\/\/www.jd7.ch\/en\/","logo":{"@type":"ImageObject","inLanguage":"en-US","@id":"https:\/\/www.jd7.ch\/en\/#\/schema\/logo\/image\/","url":"https:\/\/www.jd7.ch\/app\/uploads\/jd7-logo.svg","contentUrl":"https:\/\/www.jd7.ch\/app\/uploads\/jd7-logo.svg","width":350,"height":100,"caption":"JD7"},"image":{"@id":"https:\/\/www.jd7.ch\/en\/#\/schema\/logo\/image\/"}}]}},"_links":{"self":[{"href":"https:\/\/www.jd7.ch\/en\/wp-json\/wp\/v2\/pages\/2122","targetHints":{"allow":["GET"]}}],"collection":[{"href":"https:\/\/www.jd7.ch\/en\/wp-json\/wp\/v2\/pages"}],"about":[{"href":"https:\/\/www.jd7.ch\/en\/wp-json\/wp\/v2\/types\/page"}],"author":[{"embeddable":true,"href":"https:\/\/www.jd7.ch\/en\/wp-json\/wp\/v2\/users\/1"}],"replies":[{"embeddable":true,"href":"https:\/\/www.jd7.ch\/en\/wp-json\/wp\/v2\/comments?post=2122"}],"version-history":[{"count":1,"href":"https:\/\/www.jd7.ch\/en\/wp-json\/wp\/v2\/pages\/2122\/revisions"}],"predecessor-version":[{"id":2123,"href":"https:\/\/www.jd7.ch\/en\/wp-json\/wp\/v2\/pages\/2122\/revisions\/2123"}],"wp:featuredmedia":[{"embeddable":true,"href":"https:\/\/www.jd7.ch\/en\/wp-json\/wp\/v2\/media\/1937"}],"wp:attachment":[{"href":"https:\/\/www.jd7.ch\/en\/wp-json\/wp\/v2\/media?parent=2122"}],"curies":[{"name":"wp","href":"https:\/\/api.w.org\/{rel}","templated":true}]}}