{"id":2045,"date":"2024-10-15T10:53:40","date_gmt":"2024-10-15T08:53:40","guid":{"rendered":"https:\/\/www.jd7.ch\/organisation\/"},"modified":"2026-01-15T12:26:04","modified_gmt":"2026-01-15T11:26:04","slug":"organisation","status":"publish","type":"page","link":"https:\/\/www.jd7.ch\/en\/about\/organisation\/","title":{"rendered":"Organisation"},"content":{"rendered":"<div class=\"mcw-fp-wrapper\">\t\t<div data-elementor-type=\"wp-page\" data-elementor-id=\"2045\" class=\"elementor elementor-2045 elementor-45\" data-elementor-post-type=\"page\">\n\t\t\t\t<div class=\"mcw-fp-section elementor-element elementor-element-57046e82 e-flex e-con-boxed e-con e-parent\" data-anchor=\"intro\" data-tooltip=\"\" data-id=\"57046e82\" data-element_type=\"container\" data-settings=\"{&quot;background_background&quot;:&quot;classic&quot;}\">\n\t\t\t\t\t<div class=\"e-con-inner\">\n\t\t<div class=\"elementor-element elementor-element-48e0305 e-con-full e-flex e-con e-child\" data-id=\"48e0305\" data-element_type=\"container\">\n\t\t\t\t<div class=\"elementor-element elementor-element-4d5cbfde elementor-invisible elementor-widget elementor-widget-heading\" data-id=\"4d5cbfde\" data-element_type=\"widget\" data-settings=\"{&quot;_animation&quot;:&quot;fadeInLeft&quot;}\" data-widget_type=\"heading.default\">\n\t\t\t\t<div class=\"elementor-widget-container\">\n\t\t\t\t\t<h2 class=\"elementor-heading-title elementor-size-default\">Organisation<\/h2>\t\t\t\t<\/div>\n\t\t\t\t<\/div>\n\t\t\t\t<\/div>\n\t\t<div class=\"elementor-element elementor-element-76fc18a4 e-con-full e-flex e-con e-child\" data-id=\"76fc18a4\" data-element_type=\"container\">\n\t\t\t\t<\/div>\n\t\t\t\t\t<\/div>\n\t\t\t\t<\/div>\n\t\t<div class=\"mcw-fp-section elementor-element elementor-element-5b38590 e-flex e-con-boxed e-con e-parent\" data-anchor=\"pilotage\" data-tooltip=\"\" data-id=\"5b38590\" data-element_type=\"container\" data-settings=\"{&quot;background_background&quot;:&quot;classic&quot;}\">\n\t\t\t\t\t<div class=\"e-con-inner\">\n\t\t<div class=\"elementor-element elementor-element-2e6fbd5 e-con-full e-flex e-con e-child\" data-id=\"2e6fbd5\" data-element_type=\"container\">\n\t\t\t\t<div class=\"elementor-element elementor-element-e71ff83 elementor-invisible elementor-widget elementor-widget-heading\" data-id=\"e71ff83\" data-element_type=\"widget\" data-settings=\"{&quot;_animation&quot;:&quot;fadeInLeft&quot;}\" data-widget_type=\"heading.default\">\n\t\t\t\t<div class=\"elementor-widget-container\">\n\t\t\t\t\t<h2 class=\"elementor-heading-title elementor-size-default\">Steering Committee<\/h2>\t\t\t\t<\/div>\n\t\t\t\t<\/div>\n\t\t\t\t<\/div>\n\t\t<div class=\"elementor-element elementor-element-ba46499 e-con-full e-flex elementor-invisible e-con e-child\" data-id=\"ba46499\" data-element_type=\"container\" data-settings=\"{&quot;animation&quot;:&quot;fadeInLeft&quot;}\">\n\t\t\t\t<div class=\"elementor-element elementor-element-74e600a elementor-widget elementor-widget-text-editor\" data-id=\"74e600a\" data-element_type=\"widget\" data-widget_type=\"text-editor.default\">\n\t\t\t\t<div class=\"elementor-widget-container\">\n\t\t\t\t\t\t\t\t\t<p><b>Florence Nater<\/b>, State Councillor of the Canton of Neuch\u00e2tel, Department of Economy and Social Cohesion (DECS) | President of the JD7 Steering Committee<\/p>\t\t\t\t\t\t\t\t<\/div>\n\t\t\t\t<\/div>\n\t\t\t\t<div class=\"elementor-element elementor-element-2625e1d elementor-widget elementor-widget-text-editor\" data-id=\"2625e1d\" data-element_type=\"widget\" data-widget_type=\"text-editor.default\">\n\t\t\t\t<div class=\"elementor-widget-container\">\n\t\t\t\t\t\t\t\t\t<p><b>Violaine Bl\u00e9try de Montmollin<\/b>, President of the City of Neuch\u00e2tel, Municipal Councillor, Department of Territorial Development, Infrastructure, and Buildings | Board Member, Viteos SA<\/p>\n\t\t\t\t\t\t\t\t<\/div>\n\t\t\t\t<\/div>\n\t\t\t\t<div class=\"elementor-element elementor-element-aa3fea8 elementor-widget elementor-widget-text-editor\" data-id=\"aa3fea8\" data-element_type=\"widget\" data-widget_type=\"text-editor.default\">\n\t\t\t\t<div class=\"elementor-widget-container\">\n\t\t\t\t\t\t\t\t\t<p><b>Jean-Michel Brunner<\/b>, Chairman of the Board, Silatech<\/p>\n\t\t\t\t\t\t\t\t<\/div>\n\t\t\t\t<\/div>\n\t\t\t\t<div class=\"elementor-element elementor-element-c917a18 elementor-widget elementor-widget-text-editor\" data-id=\"c917a18\" data-element_type=\"widget\" data-widget_type=\"text-editor.default\">\n\t\t\t\t<div class=\"elementor-widget-container\">\n\t\t\t\t\t\t\t\t\t<p><b>Andr\u00e9 Laville<\/b>, Board Member and Director, Silatech SA<\/p>\n\t\t\t\t\t\t\t\t<\/div>\n\t\t\t\t<\/div>\n\t\t\t\t<div class=\"elementor-element elementor-element-f6e0970 elementor-widget elementor-widget-text-editor\" data-id=\"f6e0970\" data-element_type=\"widget\" data-widget_type=\"text-editor.default\">\n\t\t\t\t<div class=\"elementor-widget-container\">\n\t\t\t\t\t\t\t\t\t<p><strong>Alexandre Pauchard<\/strong>, CEO at CSEM, Board Member, Silatech SA<\/p>\n\t\t\t\t\t\t\t\t<\/div>\n\t\t\t\t<\/div>\n\t\t\t\t<div class=\"elementor-element elementor-element-a93317a elementor-widget elementor-widget-text-editor\" data-id=\"a93317a\" data-element_type=\"widget\" data-widget_type=\"text-editor.default\">\n\t\t\t\t<div class=\"elementor-widget-container\">\n\t\t\t\t\t\t\t\t\t<p><strong>Fabien Fivaz<\/strong>, National Councillor, Board Member, Silatech SA | President of FLRH<\/p>\n\t\t\t\t\t\t\t\t<\/div>\n\t\t\t\t<\/div>\n\t\t\t\t<div class=\"elementor-element elementor-element-be2421c elementor-widget elementor-widget-text-editor\" data-id=\"be2421c\" data-element_type=\"widget\" data-widget_type=\"text-editor.default\">\n\t\t\t\t<div class=\"elementor-widget-container\">\n\t\t\t\t\t\t\t\t\t<p><strong>Caroline Choulat<\/strong>, Deputy Head of the Canton of Neuch\u00e2tel\u2019s Economic Service&nbsp;|&nbsp;Board Member, Silatech SA<\/p>\n\t\t\t\t\t\t\t\t<\/div>\n\t\t\t\t<\/div>\n\t\t\t\t<div class=\"elementor-element elementor-element-37d11e0 elementor-widget elementor-widget-text-editor\" data-id=\"37d11e0\" data-element_type=\"widget\" data-widget_type=\"text-editor.default\">\n\t\t\t\t<div class=\"elementor-widget-container\">\n\t\t\t\t\t\t\t\t\t<p><strong>Jean-Marc Brunner<\/strong>, Director, Microcity SA<\/p>\n\t\t\t\t\t\t\t\t<\/div>\n\t\t\t\t<\/div>\n\t\t\t\t<\/div>\n\t\t\t\t\t<\/div>\n\t\t\t\t<\/div>\n\t\t<div class=\"mcw-fp-section elementor-element elementor-element-659921b e-flex e-con-boxed e-con e-parent\" data-anchor=\"travaux\" data-tooltip=\"\" data-id=\"659921b\" data-element_type=\"container\" data-settings=\"{&quot;background_background&quot;:&quot;classic&quot;}\">\n\t\t\t\t\t<div class=\"e-con-inner\">\n\t\t<div class=\"elementor-element elementor-element-63591d4 e-con-full e-flex elementor-invisible e-con e-child\" data-id=\"63591d4\" data-element_type=\"container\" data-settings=\"{&quot;animation&quot;:&quot;fadeInLeft&quot;}\">\n\t\t\t\t<div class=\"elementor-element elementor-element-2f29cfd elementor-widget elementor-widget-heading\" data-id=\"2f29cfd\" data-element_type=\"widget\" data-widget_type=\"heading.default\">\n\t\t\t\t<div class=\"elementor-widget-container\">\n\t\t\t\t\t<h3 class=\"elementor-heading-title elementor-size-default\">Project Owner <\/h3>\t\t\t\t<\/div>\n\t\t\t\t<\/div>\n\t\t\t\t<div class=\"elementor-element elementor-element-757d945 elementor-widget elementor-widget-text-editor\" data-id=\"757d945\" data-element_type=\"widget\" data-widget_type=\"text-editor.default\">\n\t\t\t\t<div class=\"elementor-widget-container\">\n\t\t\t\t\t\t\t\t\t<p><b>Silatech SA<br \/><\/b>Rue Jaquet-Droz 1<br \/>2000 Neuch\u00e2tel<\/p>\n<p>Board Member : <b>Andr\u00e9 Laville<\/b><\/p>\n<p>Project Director : <b>Jonas Friedrich<\/b><\/p>\n<p>Communications Officer : <b>Florence Jordan Chiapuzzi<\/b><\/p>\n\t\t\t\t\t\t\t\t<\/div>\n\t\t\t\t<\/div>\n\t\t\t\t<div class=\"elementor-element elementor-element-15f4714 elementor-widget elementor-widget-heading\" data-id=\"15f4714\" data-element_type=\"widget\" data-widget_type=\"heading.default\">\n\t\t\t\t<div class=\"elementor-widget-container\">\n\t\t\t\t\t<h3 class=\"elementor-heading-title elementor-size-default\">General contractor assigned for implementation <\/h3>\t\t\t\t<\/div>\n\t\t\t\t<\/div>\n\t\t\t\t<div class=\"elementor-element elementor-element-eb01a48 elementor-widget elementor-widget-text-editor\" data-id=\"eb01a48\" data-element_type=\"widget\" data-widget_type=\"text-editor.default\">\n\t\t\t\t<div class=\"elementor-widget-container\">\n\t\t\t\t\t\t\t\t\t<p><strong>Losinger Marazzi<\/strong>, in collaboration with Atelier d&#8217;architecture IPAS<\/p>\n\t\t\t\t\t\t\t\t<\/div>\n\t\t\t\t<\/div>\n\t\t\t\t<\/div>\n\t\t<div class=\"elementor-element elementor-element-70c81ee e-con-full e-flex e-con e-child\" data-id=\"70c81ee\" data-element_type=\"container\">\n\t\t\t\t<\/div>\n\t\t\t\t\t<\/div>\n\t\t\t\t<\/div>\n\t\t\t\t<\/div>\n\t\t<\/div><script type=\"text\/javascript\">(function runFullPage(){(function ready(fn){if (document.attachEvent?document.readyState===\"complete\":document.readyState!==\"loading\"){fn();}else{document.addEventListener(\"DOMContentLoaded\",fn);}})(function(){const setupSlideInterval=function(){let e=null;return function(t){if(e&&(clearInterval(e),e=null),t&&t.item){let l=t.item.getAttribute(\"data-slide-delay\");if(null!==l){let i=parseInt(l,10);isNaN(i)||(e=setInterval(()=>{\"undefined\"!=typeof fullpage_api&&fullpage_api.moveSlideRight&&fullpage_api.moveSlideRight()},1e3*i))}}}}();var els=document.querySelectorAll(\".elementor-location-footer\");if (els.length) {var d=document.createElement(\"div\");d.classList.add(\"mcw-fp-section\", \"fp-footer-section\", \"fp-auto-height\");d.setAttribute(\"data-anchor\", document.querySelector(\"#footer\") ? \"footers\" : \"footer\");els.forEach(function(el){d.appendChild(el);});document.querySelector(\".mcw-fp-section\").parentElement.appendChild(d);} function videoAutoplay(element,keep){element=element ? element : document;var elements=element.querySelectorAll('video,audio,iframe[src*=\"youtube.com\/embed\/\"]');Array.prototype.forEach.call(elements, function(el, i){if (!el.hasAttribute(\"data-autoplay\")) el.setAttribute(\"data-autoplay\", \"true\");if (keep&&!el.hasAttribute(\"data-keepplaying\")) el.setAttribute(\"data-keepplaying\", \"true\");});};new fullpage(\".mcw-fp-wrapper\",{licenseKey:\"MPA8H-30XRK-2K3S7-52JG8-NJXPO\",credits:false,sectionSelector:\".mcw-fp-section\",slideSelector:\".mcw-fp-section-slide .mcw-fp-slide\",observer:true,scrollBeyondFullpage:false,navigation:true,navigationPosition:\"right\",showActiveTooltip:false,slidesNavigation:false,controlArrows:true,controlArrowsHTML:['<div class=\"fp-arrow\"><svg width=\"60px\" height=\"80px\" viewBox=\"0 0 50 80\" xml:space=\"preserve\"><polyline fill=\"none\" stroke=\"#FFFFFF\" stroke-width=\"1\" stroke-linecap=\"round\" stroke-linejoin=\"round\" points=\"45.63,75.8 0.375,38.087 45.63,0.375\"><\/polyline><\/svg><\\\/div>','<div class=\"fp-arrow\"><svg xmlns=\"http:\/\/www.w3.org\/2000\/svg\" xmlns:xlink=\"http:\/\/www.w3.org\/1999\/xlink\" width=\"60px\" height=\"80px\" viewBox=\"0 0 50 80\" xml:space=\"preserve\"><polyline fill=\"none\" stroke=\"#FFFFFF\" stroke-width=\"1\" stroke-linecap=\"round\" stroke-linejoin=\"round\" points=\"0.375,0.375 45.63,38.087 0.375,75.8 \"><\/polyline><\/svg><\\\/div>'],lockAnchors:false,animateAnchor:true,keyboardScrolling:true,recordHistory:true,autoScrolling:true,fitToSection:true,fitToSectionDelay:1000,scrollBar:false,scrollOverflow:true,scrollOverflowMacStyle:true,skipIntermediateItems:false,continuousVertical:false,loopBottom:false,loopTop:false,loopHorizontal:true,scrollingSpeed:1000,css3:true,easingcss3:\"ease\",verticalCentered:true,adjustOnNavChange:true,responsiveWidth:768,normalScrollElements:\".elementor-location-popup\",parallax:\"sections\",parallaxKey:\"MG5hbVEzTG1Ob3hHX3gxeGNHRnlZV3hzWVhnPVlVZA==\",parallaxOptions:{type:\"reveal\",percentage:62,property:\"translate\"},afterRender:function(){videoAutoplay(undefined,false);document.querySelectorAll(\".fp-overflow > .elementor-background-overlay, .fp-overflow > .elementor-shape, .fp-overflow > .background-video-container, .fp-overflow > .elementor-background-video-container\").forEach(function(el){el.parentNode.parentNode.insertBefore(el, el.parentNode.parentNode.firstChild)});},afterLoad:function(origin,destination,direction,trigger){setupSlideInterval(destination);videoAutoplay(undefined,false);typeof Waypoint !== \"undefined\" && Waypoint.refreshAll();},onLeave:function(origin,destination,direction,trigger){if (destination && destination.index !== 0) {document.body.classList.add('fullpage--not-top');} else {document.body.classList.remove('fullpage--not-top');}}});window.fullpage_api.wordpress={name:\"elementor\",version:\"2.6.1\"};});})();<\/script>","protected":false},"excerpt":{"rendered":"<p>Organisation Steering Committee Florence Nater, State Councillor of the Canton of Neuch\u00e2tel, Department of Economy and Social Cohesion (DECS) | President of the JD7 Steering Committee Violaine Bl\u00e9try de Montmollin, President of the City of Neuch\u00e2tel, Municipal Councillor, Department of Territorial Development, Infrastructure, and Buildings | Board Member, Viteos SA Jean-Michel Brunner, Chairman of the &hellip; <a href=\"https:\/\/www.jd7.ch\/en\/about\/organisation\/\">Continued<\/a><\/p>\n","protected":false},"author":1,"featured_media":0,"parent":2120,"menu_order":0,"comment_status":"closed","ping_status":"closed","template":"","meta":{"_acf_changed":false,"inline_featured_image":false,"footnotes":""},"class_list":["post-2045","page","type-page","status-publish","hentry"],"acf":[],"yoast_head":"<!-- This site is optimized with the Yoast SEO plugin v25.3.1 - https:\/\/yoast.com\/wordpress\/plugins\/seo\/ -->\n<title>Organisation - JD7<\/title>\n<meta name=\"robots\" content=\"index, follow, max-snippet:-1, max-image-preview:large, max-video-preview:-1\" \/>\n<link rel=\"canonical\" href=\"https:\/\/www.jd7.ch\/en\/about\/organisation\/\" \/>\n<meta property=\"og:locale\" content=\"en_US\" \/>\n<meta property=\"og:type\" content=\"article\" \/>\n<meta property=\"og:title\" content=\"Organisation - JD7\" \/>\n<meta property=\"og:description\" content=\"Organisation Steering Committee Florence Nater, State Councillor of the Canton of Neuch\u00e2tel, Department of Economy and Social Cohesion (DECS) | President of the JD7 Steering Committee Violaine Bl\u00e9try de Montmollin, President of the City of Neuch\u00e2tel, Municipal Councillor, Department of Territorial Development, Infrastructure, and Buildings | Board Member, Viteos SA Jean-Michel Brunner, Chairman of the &hellip; Continued\" \/>\n<meta property=\"og:url\" content=\"https:\/\/www.jd7.ch\/en\/about\/organisation\/\" \/>\n<meta property=\"og:site_name\" content=\"JD7\" \/>\n<meta property=\"article:modified_time\" content=\"2026-01-15T11:26:04+00:00\" \/>\n<meta name=\"twitter:card\" content=\"summary_large_image\" \/>\n<meta name=\"twitter:label1\" content=\"Est. reading time\" \/>\n\t<meta name=\"twitter:data1\" content=\"1 minute\" \/>\n<script type=\"application\/ld+json\" class=\"yoast-schema-graph\">{\"@context\":\"https:\/\/schema.org\",\"@graph\":[{\"@type\":\"WebPage\",\"@id\":\"https:\/\/www.jd7.ch\/en\/about\/organisation\/\",\"url\":\"https:\/\/www.jd7.ch\/en\/about\/organisation\/\",\"name\":\"Organisation - JD7\",\"isPartOf\":{\"@id\":\"https:\/\/www.jd7.ch\/en\/#website\"},\"datePublished\":\"2024-10-15T08:53:40+00:00\",\"dateModified\":\"2026-01-15T11:26:04+00:00\",\"breadcrumb\":{\"@id\":\"https:\/\/www.jd7.ch\/en\/about\/organisation\/#breadcrumb\"},\"inLanguage\":\"en-US\",\"potentialAction\":[{\"@type\":\"ReadAction\",\"target\":[\"https:\/\/www.jd7.ch\/en\/about\/organisation\/\"]}]},{\"@type\":\"BreadcrumbList\",\"@id\":\"https:\/\/www.jd7.ch\/en\/about\/organisation\/#breadcrumb\",\"itemListElement\":[{\"@type\":\"ListItem\",\"position\":1,\"name\":\"Home\",\"item\":\"https:\/\/www.jd7.ch\/en\/\"},{\"@type\":\"ListItem\",\"position\":2,\"name\":\"About\",\"item\":\"https:\/\/www.jd7.ch\/en\/about\/\"},{\"@type\":\"ListItem\",\"position\":3,\"name\":\"Organisation\"}]},{\"@type\":\"WebSite\",\"@id\":\"https:\/\/www.jd7.ch\/en\/#website\",\"url\":\"https:\/\/www.jd7.ch\/en\/\",\"name\":\"JD7\",\"description\":\"Espaces modulables haute technologie \u00e0 Neuch\u00e2tel\",\"publisher\":{\"@id\":\"https:\/\/www.jd7.ch\/en\/#organization\"},\"potentialAction\":[{\"@type\":\"SearchAction\",\"target\":{\"@type\":\"EntryPoint\",\"urlTemplate\":\"https:\/\/www.jd7.ch\/en\/?s={search_term_string}\"},\"query-input\":{\"@type\":\"PropertyValueSpecification\",\"valueRequired\":true,\"valueName\":\"search_term_string\"}}],\"inLanguage\":\"en-US\"},{\"@type\":\"Organization\",\"@id\":\"https:\/\/www.jd7.ch\/en\/#organization\",\"name\":\"JD7\",\"url\":\"https:\/\/www.jd7.ch\/en\/\",\"logo\":{\"@type\":\"ImageObject\",\"inLanguage\":\"en-US\",\"@id\":\"https:\/\/www.jd7.ch\/en\/#\/schema\/logo\/image\/\",\"url\":\"https:\/\/www.jd7.ch\/app\/uploads\/jd7-logo.svg\",\"contentUrl\":\"https:\/\/www.jd7.ch\/app\/uploads\/jd7-logo.svg\",\"width\":350,\"height\":100,\"caption\":\"JD7\"},\"image\":{\"@id\":\"https:\/\/www.jd7.ch\/en\/#\/schema\/logo\/image\/\"}}]}<\/script>\n<!-- \/ Yoast SEO plugin. -->","yoast_head_json":{"title":"Organisation - JD7","robots":{"index":"index","follow":"follow","max-snippet":"max-snippet:-1","max-image-preview":"max-image-preview:large","max-video-preview":"max-video-preview:-1"},"canonical":"https:\/\/www.jd7.ch\/en\/about\/organisation\/","og_locale":"en_US","og_type":"article","og_title":"Organisation - JD7","og_description":"Organisation Steering Committee Florence Nater, State Councillor of the Canton of Neuch\u00e2tel, Department of Economy and Social Cohesion (DECS) | President of the JD7 Steering Committee Violaine Bl\u00e9try de Montmollin, President of the City of Neuch\u00e2tel, Municipal Councillor, Department of Territorial Development, Infrastructure, and Buildings | Board Member, Viteos SA Jean-Michel Brunner, Chairman of the &hellip; Continued","og_url":"https:\/\/www.jd7.ch\/en\/about\/organisation\/","og_site_name":"JD7","article_modified_time":"2026-01-15T11:26:04+00:00","twitter_card":"summary_large_image","twitter_misc":{"Est. reading time":"1 minute"},"schema":{"@context":"https:\/\/schema.org","@graph":[{"@type":"WebPage","@id":"https:\/\/www.jd7.ch\/en\/about\/organisation\/","url":"https:\/\/www.jd7.ch\/en\/about\/organisation\/","name":"Organisation - JD7","isPartOf":{"@id":"https:\/\/www.jd7.ch\/en\/#website"},"datePublished":"2024-10-15T08:53:40+00:00","dateModified":"2026-01-15T11:26:04+00:00","breadcrumb":{"@id":"https:\/\/www.jd7.ch\/en\/about\/organisation\/#breadcrumb"},"inLanguage":"en-US","potentialAction":[{"@type":"ReadAction","target":["https:\/\/www.jd7.ch\/en\/about\/organisation\/"]}]},{"@type":"BreadcrumbList","@id":"https:\/\/www.jd7.ch\/en\/about\/organisation\/#breadcrumb","itemListElement":[{"@type":"ListItem","position":1,"name":"Home","item":"https:\/\/www.jd7.ch\/en\/"},{"@type":"ListItem","position":2,"name":"About","item":"https:\/\/www.jd7.ch\/en\/about\/"},{"@type":"ListItem","position":3,"name":"Organisation"}]},{"@type":"WebSite","@id":"https:\/\/www.jd7.ch\/en\/#website","url":"https:\/\/www.jd7.ch\/en\/","name":"JD7","description":"Espaces modulables haute technologie \u00e0 Neuch\u00e2tel","publisher":{"@id":"https:\/\/www.jd7.ch\/en\/#organization"},"potentialAction":[{"@type":"SearchAction","target":{"@type":"EntryPoint","urlTemplate":"https:\/\/www.jd7.ch\/en\/?s={search_term_string}"},"query-input":{"@type":"PropertyValueSpecification","valueRequired":true,"valueName":"search_term_string"}}],"inLanguage":"en-US"},{"@type":"Organization","@id":"https:\/\/www.jd7.ch\/en\/#organization","name":"JD7","url":"https:\/\/www.jd7.ch\/en\/","logo":{"@type":"ImageObject","inLanguage":"en-US","@id":"https:\/\/www.jd7.ch\/en\/#\/schema\/logo\/image\/","url":"https:\/\/www.jd7.ch\/app\/uploads\/jd7-logo.svg","contentUrl":"https:\/\/www.jd7.ch\/app\/uploads\/jd7-logo.svg","width":350,"height":100,"caption":"JD7"},"image":{"@id":"https:\/\/www.jd7.ch\/en\/#\/schema\/logo\/image\/"}}]}},"_links":{"self":[{"href":"https:\/\/www.jd7.ch\/en\/wp-json\/wp\/v2\/pages\/2045","targetHints":{"allow":["GET"]}}],"collection":[{"href":"https:\/\/www.jd7.ch\/en\/wp-json\/wp\/v2\/pages"}],"about":[{"href":"https:\/\/www.jd7.ch\/en\/wp-json\/wp\/v2\/types\/page"}],"author":[{"embeddable":true,"href":"https:\/\/www.jd7.ch\/en\/wp-json\/wp\/v2\/users\/1"}],"replies":[{"embeddable":true,"href":"https:\/\/www.jd7.ch\/en\/wp-json\/wp\/v2\/comments?post=2045"}],"version-history":[{"count":4,"href":"https:\/\/www.jd7.ch\/en\/wp-json\/wp\/v2\/pages\/2045\/revisions"}],"predecessor-version":[{"id":2607,"href":"https:\/\/www.jd7.ch\/en\/wp-json\/wp\/v2\/pages\/2045\/revisions\/2607"}],"up":[{"embeddable":true,"href":"https:\/\/www.jd7.ch\/en\/wp-json\/wp\/v2\/pages\/2120"}],"wp:attachment":[{"href":"https:\/\/www.jd7.ch\/en\/wp-json\/wp\/v2\/media?parent=2045"}],"curies":[{"name":"wp","href":"https:\/\/api.w.org\/{rel}","templated":true}]}}